{"id":2206,"date":"2022-06-19T23:58:44","date_gmt":"2022-06-19T22:58:44","guid":{"rendered":"https:\/\/www.cetrad.utad.pt\/contactos\/"},"modified":"2022-07-18T14:39:54","modified_gmt":"2022-07-18T14:39:54","slug":"contactos","status":"publish","type":"page","link":"https:\/\/cetradutad.ieempresas.com\/pt-pt\/contactos\/","title":{"rendered":"Contactos"},"content":{"rendered":"<style>#kt-layout-id_6fed2d-cb > .kt-row-column-wrap{align-content:center;}:where(#kt-layout-id_6fed2d-cb > .kt-row-column-wrap) > .wp-block-kadence-column{justify-content:center;}#kt-layout-id_6fed2d-cb > .kt-row-column-wrap{column-gap:80px;row-gap:var(--global-kb-gap-md, 2rem);max-width:var( --global-content-width, 1600px );padding-left:var(--global-content-edge-padding);padding-right:var(--global-content-edge-padding);padding-top:var( --global-kb-row-default-top, 25px );padding-bottom:var( --global-kb-row-default-bottom, 25px );padding-top:15em;padding-bottom:5em;min-height:100vh;grid-template-columns:repeat(2, minmax(0, 1fr));}#kt-layout-id_6fed2d-cb{background-image:url('https:\/\/www.cetrad.utad.pt\/wp-content\/uploads\/2022\/07\/Panoramica-campusUTAD.jpg');background-size:cover;background-position:center center;background-attachment:scroll;background-repeat:no-repeat;}#kt-layout-id_6fed2d-cb > .kt-row-layout-overlay{opacity:0.80;background-color:var(--global-palette3, #1A202C);mix-blend-mode:normal;}#kt-layout-id_6fed2d-cb ,#kt-layout-id_6fed2d-cb h1,#kt-layout-id_6fed2d-cb h2,#kt-layout-id_6fed2d-cb h3,#kt-layout-id_6fed2d-cb h4,#kt-layout-id_6fed2d-cb h5,#kt-layout-id_6fed2d-cb h6{color:#fff;}#kt-layout-id_6fed2d-cb .kt-row-layout-bottom-sep{height:100px;}#kt-layout-id_6fed2d-cb .kt-row-layout-bottom-sep svg{width:100%;}#kt-layout-id_6fed2d-cb .kt-row-layout-bottom-sep svg{fill:#ffffff!important;}@media all and (max-width: 1024px){#kt-layout-id_6fed2d-cb > .kt-row-column-wrap{grid-template-columns:repeat(2, minmax(0, 1fr));}}@media all and (max-width: 1024px){#kt-layout-id_6fed2d-cb .kt-row-layout-bottom-sep{height:px;}}@media all and (max-width: 1024px){#kt-layout-id_6fed2d-cb .kt-row-layout-bottom-sep svg{width:%;}}@media all and (max-width: 767px){#kt-layout-id_6fed2d-cb > .kt-row-column-wrap{grid-template-columns:minmax(0, 1fr);}#kt-layout-id_6fed2d-cb .kt-row-layout-bottom-sep{height:px;}#kt-layout-id_6fed2d-cb .kt-row-layout-bottom-sep svg{width:%;}}<\/style>\n<div class=\"wp-block-kadence-rowlayout alignfull\"><div id=\"kt-layout-id_6fed2d-cb\" class=\"kt-row-layout-inner kt-row-has-bg kt-layout-id_6fed2d-cb\"><div class=\"kt-row-layout-overlay kt-row-overlay-normal\"><\/div><div class=\"kt-row-column-wrap kt-has-2-columns kt-gutter-widest kt-v-gutter-default kt-row-valign-middle kt-row-layout-equal kt-tab-layout-inherit kt-m-colapse-left-to-right kt-mobile-layout-row kb-theme-content-width\"><style>.kadence-column_2cb677-77 > .kt-inside-inner-col{border-top-width:0px;border-right-width:0px;border-bottom-width:0px;border-left-width:0px;}.kadence-column_2cb677-77 > .kt-inside-inner-col,.kadence-column_2cb677-77 > .kt-inside-inner-col:before{border-top-left-radius:0px;border-top-right-radius:0px;border-bottom-right-radius:0px;border-bottom-left-radius:0px;}.kadence-column_2cb677-77 > .kt-inside-inner-col{justify-content:center;flex-direction:column;display:flex;}.kadence-column_2cb677-77 > .kt-inside-inner-col > .aligncenter{width:100%;}.kt-row-column-wrap > .kadence-column_2cb677-77{align-self:center;}.kt-inner-column-height-full:not(.kt-has-1-columns) > .wp-block-kadence-column.kadence-column_2cb677-77{align-self:auto;}.kt-inner-column-height-full:not(.kt-has-1-columns) > .wp-block-kadence-column.kadence-column_2cb677-77 > .kt-inside-inner-col{display:flex;flex-direction:column;justify-content:center;}.kadence-column_2cb677-77 > .kt-inside-inner-col:before{opacity:0.3;}.kadence-column_2cb677-77{text-align:left;}.kadence-column_2cb677-77{position:relative;}@media all and (max-width: 767px){.kadence-column_2cb677-77{text-align:center;}}<\/style>\n<div class=\"wp-block-kadence-column inner-column-1 kadence-column_2cb677-77\"><div class=\"kt-inside-inner-col\"><style>.kb-image_39b8a3-05 .kb-image-has-overlay:after{opacity:0.3;}.kb-image_39b8a3-05 img.kb-img, .kb-image_39b8a3-05 .kb-img img{-webkit-mask-image:url(https:\/\/cetradutad.ieempresas.com\/wp-content\/plugins\/kadence-blocks\/includes\/assets\/images\/masks\/blob3.svg);mask-image:url(https:\/\/cetradutad.ieempresas.com\/wp-content\/plugins\/kadence-blocks\/includes\/assets\/images\/masks\/blob3.svg);-webkit-mask-size:auto;mask-size:auto;-webkit-mask-repeat:no-repeat;mask-repeat:no-repeat;-webkit-mask-position:center;mask-position:center;}<\/style>\n<figure class=\"wp-block-kadence-image kb-image_39b8a3-05 kb-image-is-ratio-size\"><div class=\"kb-is-ratio-image kb-image-ratio-land32\"><img decoding=\"async\" width=\"1902\" height=\"1296\" src=\"https:\/\/www.cetrad.utad.pt\/wp-content\/uploads\/2022\/06\/cetrad_1.jpg\" alt=\"\" class=\"kb-img wp-image-333\" srcset=\"https:\/\/cetradutad.ieempresas.com\/wp-content\/uploads\/2022\/06\/cetrad_1.jpg 1902w, https:\/\/cetradutad.ieempresas.com\/wp-content\/uploads\/2022\/06\/cetrad_1-300x204.jpg 300w, https:\/\/cetradutad.ieempresas.com\/wp-content\/uploads\/2022\/06\/cetrad_1-1024x698.jpg 1024w, https:\/\/cetradutad.ieempresas.com\/wp-content\/uploads\/2022\/06\/cetrad_1-768x523.jpg 768w, https:\/\/cetradutad.ieempresas.com\/wp-content\/uploads\/2022\/06\/cetrad_1-1536x1047.jpg 1536w\" sizes=\"(max-width: 1902px) 100vw, 1902px\" \/><\/div><\/figure>\n<\/div><\/div>\n\n\n<style>.kadence-column_348734-8f > .kt-inside-inner-col{border-top-width:0px;border-right-width:0px;border-bottom-width:0px;border-left-width:0px;}.kadence-column_348734-8f > .kt-inside-inner-col,.kadence-column_348734-8f > .kt-inside-inner-col:before{border-top-left-radius:0px;border-top-right-radius:0px;border-bottom-right-radius:0px;border-bottom-left-radius:0px;}.kadence-column_348734-8f > .kt-inside-inner-col{justify-content:center;flex-direction:column;display:flex;}.kadence-column_348734-8f > .kt-inside-inner-col > .aligncenter{width:100%;}.kt-row-column-wrap > .kadence-column_348734-8f{align-self:center;}.kt-inner-column-height-full:not(.kt-has-1-columns) > .wp-block-kadence-column.kadence-column_348734-8f{align-self:auto;}.kt-inner-column-height-full:not(.kt-has-1-columns) > .wp-block-kadence-column.kadence-column_348734-8f > .kt-inside-inner-col{display:flex;flex-direction:column;justify-content:center;}.kadence-column_348734-8f > .kt-inside-inner-col:before{opacity:0.3;}.kadence-column_348734-8f{text-align:left;}.kadence-column_348734-8f{position:relative;}@media all and (max-width: 767px){.kadence-column_348734-8f{text-align:center;}}<\/style>\n<div class=\"wp-block-kadence-column inner-column-2 kadence-column_348734-8f\"><div class=\"kt-inside-inner-col\"><style>.wp-block-kadence-advancedheading.kt-adv-heading_1c3352-94, .wp-block-kadence-advancedheading.kt-adv-heading_1c3352-94[data-kb-block=\"kb-adv-heading_1c3352-94\"]{margin-top:0.1em;margin-bottom:0.1em;font-size:3.5em;line-height:1.5em;font-weight:800;font-style:normal;font-family:Montserrat;color:#fff;}.wp-block-kadence-advancedheading.kt-adv-heading_1c3352-94 mark, .wp-block-kadence-advancedheading.kt-adv-heading_1c3352-94[data-kb-block=\"kb-adv-heading_1c3352-94\"] mark{font-style:normal;color:#f76a0c;padding-top:0px;padding-right:0px;padding-bottom:0px;padding-left:0px;}@media all and (max-width: 767px){.wp-block-kadence-advancedheading.kt-adv-heading_1c3352-94, .wp-block-kadence-advancedheading.kt-adv-heading_1c3352-94[data-kb-block=\"kb-adv-heading_1c3352-94\"]{font-size:2.8em;}}<\/style>\n<h2 class=\"kt-adv-heading_1c3352-94 wp-block-kadence-advancedheading\" data-kb-block=\"kb-adv-heading_1c3352-94\">Contacte-nos!<\/h2>\n\n\n<style>.wp-block-kadence-advancedheading.kt-adv-heading_a62d1f-5c, .wp-block-kadence-advancedheading.kt-adv-heading_a62d1f-5c[data-kb-block=\"kb-adv-heading_a62d1f-5c\"]{margin-bottom:1em;font-weight:400;font-style:normal;font-family:Montserrat;letter-spacing:-0.2px;}.wp-block-kadence-advancedheading.kt-adv-heading_a62d1f-5c mark, .wp-block-kadence-advancedheading.kt-adv-heading_a62d1f-5c[data-kb-block=\"kb-adv-heading_a62d1f-5c\"] mark{font-style:normal;color:#f76a0c;padding-top:0px;padding-right:0px;padding-bottom:0px;padding-left:0px;}<\/style>\n<h5 class=\"kt-adv-heading_a62d1f-5c wp-block-kadence-advancedheading\" data-kb-block=\"kb-adv-heading_a62d1f-5c\">Adorar\u00edamos ouvir a sua opini\u00e3o ou responder a quaisquer perguntas que possa ter.<\/h5>\n<\/div><\/div>\n<\/div><\/div><\/div>\n<style>#kt-layout-id_7bc629-7a > .kt-row-column-wrap{align-content:start;}:where(#kt-layout-id_7bc629-7a > .kt-row-column-wrap) > .wp-block-kadence-column{justify-content:start;}#kt-layout-id_7bc629-7a > .kt-row-column-wrap{column-gap:var(--global-kb-gap-md, 2rem);row-gap:var(--global-kb-gap-md, 2rem);max-width:var( --global-content-width, 1600px );padding-left:var(--global-content-edge-padding);padding-right:var(--global-content-edge-padding);padding-top:var( --global-kb-row-default-top, 25px );padding-bottom:var( --global-kb-row-default-bottom, 25px );padding-top:6em;padding-bottom:6em;grid-template-columns:repeat(2, minmax(0, 1fr));}#kt-layout-id_7bc629-7a > .kt-row-layout-overlay{opacity:0.30;}@media all and (max-width: 1024px){#kt-layout-id_7bc629-7a > .kt-row-column-wrap{grid-template-columns:repeat(2, minmax(0, 1fr));}}@media all and (max-width: 767px){#kt-layout-id_7bc629-7a > .kt-row-column-wrap{grid-template-columns:minmax(0, 1fr);}}<\/style>\n<div class=\"wp-block-kadence-rowlayout alignnone\"><div id=\"kt-layout-id_7bc629-7a\" class=\"kt-row-layout-inner kt-layout-id_7bc629-7a\"><div class=\"kt-row-column-wrap kt-has-2-columns kt-gutter-default kt-v-gutter-default kt-row-valign-top kt-row-layout-equal kt-tab-layout-inherit kt-m-colapse-left-to-right kt-mobile-layout-row kb-theme-content-width\"><style>.kadence-column_f344ce-22 > .kt-inside-inner-col{border-top-width:0px;border-right-width:0px;border-bottom-width:0px;border-left-width:0px;}.kadence-column_f344ce-22 > .kt-inside-inner-col,.kadence-column_f344ce-22 > .kt-inside-inner-col:before{border-top-left-radius:0px;border-top-right-radius:0px;border-bottom-right-radius:0px;border-bottom-left-radius:0px;}.kadence-column_f344ce-22 > .kt-inside-inner-col:before{opacity:0.3;}.kadence-column_f344ce-22{position:relative;}<\/style>\n<div class=\"wp-block-kadence-column inner-column-1 kadence-column_f344ce-22\"><div class=\"kt-inside-inner-col\"><style>.wp-block-kadence-advancedheading.kt-adv-heading_29644c-2e, .wp-block-kadence-advancedheading.kt-adv-heading_29644c-2e[data-kb-block=\"kb-adv-heading_29644c-2e\"]{font-style:normal;}.wp-block-kadence-advancedheading.kt-adv-heading_29644c-2e mark, .wp-block-kadence-advancedheading.kt-adv-heading_29644c-2e[data-kb-block=\"kb-adv-heading_29644c-2e\"] mark{font-style:normal;color:#f76a0c;padding-top:0px;padding-right:0px;padding-bottom:0px;padding-left:0px;}<\/style>\n<h2 class=\"kt-adv-heading_29644c-2e wp-block-kadence-advancedheading\" data-kb-block=\"kb-adv-heading_29644c-2e\">Contactos CETRAD<\/h2>\n\n\n\n<p>Centro de Estudos Transdisciplinares para o Desenvolvimento (CETRAD)<br\/>Universidade de Tr\u00e1s-os-Montes e Alto Douro (UTAD)<br\/>P\u00f3lo II do ECHS, Quinta de Prados<br\/>5000-801 Vila Real, Portugal<\/p>\n\n\n<style>.wp-block-kadence-advancedheading.kt-adv-heading_d5dc0d-04, .wp-block-kadence-advancedheading.kt-adv-heading_d5dc0d-04[data-kb-block=\"kb-adv-heading_d5dc0d-04\"]{font-style:normal;}.wp-block-kadence-advancedheading.kt-adv-heading_d5dc0d-04 mark, .wp-block-kadence-advancedheading.kt-adv-heading_d5dc0d-04[data-kb-block=\"kb-adv-heading_d5dc0d-04\"] mark{font-style:normal;color:#f76a0c;padding-top:0px;padding-right:0px;padding-bottom:0px;padding-left:0px;}.wp-block-kadence-advancedheading.kt-adv-heading_d5dc0d-04[data-kb-block=\"kb-adv-heading_d5dc0d-04\"] a, .kt-adv-heading-link_d5dc0d-04, .kt-adv-heading-link_d5dc0d-04 .kt-adv-heading_d5dc0d-04[data-kb-block=\"kb-adv-heading_d5dc0d-04\"]{color:var(--global-palette2, #2B6CB0);}.wp-block-kadence-advancedheading.kt-adv-heading_d5dc0d-04[data-kb-block=\"kb-adv-heading_d5dc0d-04\"] a:hover, .kt-adv-heading-link_d5dc0d-04:hover, .kt-adv-heading-link_d5dc0d-04:hover .kt-adv-heading_d5dc0d-04[data-kb-block=\"kb-adv-heading_d5dc0d-04\"]{color:var(--global-palette1, #3182CE);}.wp-block-kadence-advancedheading.kt-adv-heading_d5dc0d-04[data-kb-block=\"kb-adv-heading_d5dc0d-04\"] a, a.kb-advanced-heading-link.kt-adv-heading-link_d5dc0d-04{text-decoration:none;}<\/style>\n<p class=\"kt-adv-heading_d5dc0d-04 wp-block-kadence-advancedheading hls-none\" data-kb-block=\"kb-adv-heading_d5dc0d-04\"><a href=\"Tel:%20+351%20259%20350%20574\" class=\"ek-link\"><strong>Telefone: +351 259 350 574<\/strong><\/a><\/p>\n\n\n<style>.wp-block-kadence-advancedheading.kt-adv-heading_6f3dac-fc, .wp-block-kadence-advancedheading.kt-adv-heading_6f3dac-fc[data-kb-block=\"kb-adv-heading_6f3dac-fc\"]{font-style:normal;}.wp-block-kadence-advancedheading.kt-adv-heading_6f3dac-fc mark, .wp-block-kadence-advancedheading.kt-adv-heading_6f3dac-fc[data-kb-block=\"kb-adv-heading_6f3dac-fc\"] mark{font-style:normal;color:#f76a0c;padding-top:0px;padding-right:0px;padding-bottom:0px;padding-left:0px;}.wp-block-kadence-advancedheading.kt-adv-heading_6f3dac-fc[data-kb-block=\"kb-adv-heading_6f3dac-fc\"] a, .kt-adv-heading-link_6f3dac-fc, .kt-adv-heading-link_6f3dac-fc .kt-adv-heading_6f3dac-fc[data-kb-block=\"kb-adv-heading_6f3dac-fc\"]{color:var(--global-palette2, #2B6CB0);}.wp-block-kadence-advancedheading.kt-adv-heading_6f3dac-fc[data-kb-block=\"kb-adv-heading_6f3dac-fc\"] a:hover, .kt-adv-heading-link_6f3dac-fc:hover, .kt-adv-heading-link_6f3dac-fc:hover .kt-adv-heading_6f3dac-fc[data-kb-block=\"kb-adv-heading_6f3dac-fc\"]{color:var(--global-palette1, #3182CE);}.wp-block-kadence-advancedheading.kt-adv-heading_6f3dac-fc[data-kb-block=\"kb-adv-heading_6f3dac-fc\"] a, a.kb-advanced-heading-link.kt-adv-heading-link_6f3dac-fc{text-decoration:none;}<\/style>\n<p class=\"kt-adv-heading_6f3dac-fc wp-block-kadence-advancedheading hls-none\" data-kb-block=\"kb-adv-heading_6f3dac-fc\"><strong><a href=\"mailto:cetrad@utad.pt\" class=\"ek-link\">Email: cetrad@utad.pt<\/a><\/strong><\/p>\n<\/div><\/div>\n\n\n<style>.kadence-column_754bb3-64 > .kt-inside-inner-col{border-top-width:0px;border-right-width:0px;border-bottom-width:0px;border-left-width:0px;}.kadence-column_754bb3-64 > .kt-inside-inner-col,.kadence-column_754bb3-64 > .kt-inside-inner-col:before{border-top-left-radius:0px;border-top-right-radius:0px;border-bottom-right-radius:0px;border-bottom-left-radius:0px;}.kadence-column_754bb3-64 > .kt-inside-inner-col:before{opacity:0.3;}.kadence-column_754bb3-64{position:relative;}<\/style>\n<div class=\"wp-block-kadence-column inner-column-2 kadence-column_754bb3-64\"><div class=\"kt-inside-inner-col\"><style>.wp-block-kadence-advancedheading.kt-adv-heading_c07ea2-3c, .wp-block-kadence-advancedheading.kt-adv-heading_c07ea2-3c[data-kb-block=\"kb-adv-heading_c07ea2-3c\"]{font-style:normal;}.wp-block-kadence-advancedheading.kt-adv-heading_c07ea2-3c mark, .wp-block-kadence-advancedheading.kt-adv-heading_c07ea2-3c[data-kb-block=\"kb-adv-heading_c07ea2-3c\"] mark{font-style:normal;color:#f76a0c;padding-top:0px;padding-right:0px;padding-bottom:0px;padding-left:0px;}<\/style>\n<h2 class=\"kt-adv-heading_c07ea2-3c wp-block-kadence-advancedheading\" data-kb-block=\"kb-adv-heading_c07ea2-3c\">Contactos da Dire\u00e7\u00e3o<\/h2>\n\n\n<style>.wp-block-kadence-advancedheading.kt-adv-heading_f22640-1b, .wp-block-kadence-advancedheading.kt-adv-heading_f22640-1b[data-kb-block=\"kb-adv-heading_f22640-1b\"]{font-style:normal;}.wp-block-kadence-advancedheading.kt-adv-heading_f22640-1b mark, .wp-block-kadence-advancedheading.kt-adv-heading_f22640-1b[data-kb-block=\"kb-adv-heading_f22640-1b\"] mark{font-style:normal;color:#f76a0c;padding-top:0px;padding-right:0px;padding-bottom:0px;padding-left:0px;}<\/style>\n<h5 class=\"kt-adv-heading_f22640-1b wp-block-kadence-advancedheading\" data-kb-block=\"kb-adv-heading_f22640-1b\">Directores:<\/h5>\n\n\n<style>.wp-block-kadence-advancedheading.kt-adv-heading_0229bf-16, .wp-block-kadence-advancedheading.kt-adv-heading_0229bf-16[data-kb-block=\"kb-adv-heading_0229bf-16\"]{font-style:normal;}.wp-block-kadence-advancedheading.kt-adv-heading_0229bf-16 mark, .wp-block-kadence-advancedheading.kt-adv-heading_0229bf-16[data-kb-block=\"kb-adv-heading_0229bf-16\"] mark{font-style:normal;color:#f76a0c;padding-top:0px;padding-right:0px;padding-bottom:0px;padding-left:0px;}.wp-block-kadence-advancedheading.kt-adv-heading_0229bf-16[data-kb-block=\"kb-adv-heading_0229bf-16\"] a, .kt-adv-heading-link_0229bf-16, .kt-adv-heading-link_0229bf-16 .kt-adv-heading_0229bf-16[data-kb-block=\"kb-adv-heading_0229bf-16\"]{color:var(--global-palette2, #2B6CB0);}.wp-block-kadence-advancedheading.kt-adv-heading_0229bf-16[data-kb-block=\"kb-adv-heading_0229bf-16\"] a:hover, .kt-adv-heading-link_0229bf-16:hover, .kt-adv-heading-link_0229bf-16:hover .kt-adv-heading_0229bf-16[data-kb-block=\"kb-adv-heading_0229bf-16\"]{color:var(--global-palette1, #3182CE);}.wp-block-kadence-advancedheading.kt-adv-heading_0229bf-16[data-kb-block=\"kb-adv-heading_0229bf-16\"] a, a.kb-advanced-heading-link.kt-adv-heading-link_0229bf-16{text-decoration:none;}<\/style>\n<p class=\"kt-adv-heading_0229bf-16 wp-block-kadence-advancedheading hls-none\" data-kb-block=\"kb-adv-heading_0229bf-16\">Director: <a class=\"ek-link\" href=\"mailto:lmadurei@utad.pt\">L\u00edvia Madureira &#8211; lmadurei@utad.pt<\/a><br\/>Director Adjunto: <a href=\"mailto:smarques@utad.pt\">Carla Marques &#8211; smarques@utad.pt<\/a><br\/>Director Adjunto: <a href=\"mailto:octavsac@utad.pt\">Oct\u00e1vio Sacramento &#8211; octavsac@utad.pt<\/a><\/p>\n\n\n<style>.wp-block-kadence-advancedheading.kt-adv-heading_564e52-6c, .wp-block-kadence-advancedheading.kt-adv-heading_564e52-6c[data-kb-block=\"kb-adv-heading_564e52-6c\"]{font-style:normal;}.wp-block-kadence-advancedheading.kt-adv-heading_564e52-6c mark, .wp-block-kadence-advancedheading.kt-adv-heading_564e52-6c[data-kb-block=\"kb-adv-heading_564e52-6c\"] mark{font-style:normal;color:#f76a0c;padding-top:0px;padding-right:0px;padding-bottom:0px;padding-left:0px;}<\/style>\n<h5 class=\"kt-adv-heading_564e52-6c wp-block-kadence-advancedheading\" data-kb-block=\"kb-adv-heading_564e52-6c\">Secretariado:<\/h5>\n\n\n<style>.wp-block-kadence-advancedheading.kt-adv-heading_2159eb-b2, .wp-block-kadence-advancedheading.kt-adv-heading_2159eb-b2[data-kb-block=\"kb-adv-heading_2159eb-b2\"]{font-style:normal;}.wp-block-kadence-advancedheading.kt-adv-heading_2159eb-b2 mark, .wp-block-kadence-advancedheading.kt-adv-heading_2159eb-b2[data-kb-block=\"kb-adv-heading_2159eb-b2\"] mark{font-style:normal;color:#f76a0c;padding-top:0px;padding-right:0px;padding-bottom:0px;padding-left:0px;}.wp-block-kadence-advancedheading.kt-adv-heading_2159eb-b2[data-kb-block=\"kb-adv-heading_2159eb-b2\"] a, .kt-adv-heading-link_2159eb-b2, .kt-adv-heading-link_2159eb-b2 .kt-adv-heading_2159eb-b2[data-kb-block=\"kb-adv-heading_2159eb-b2\"]{color:var(--global-palette2, #2B6CB0);}.wp-block-kadence-advancedheading.kt-adv-heading_2159eb-b2[data-kb-block=\"kb-adv-heading_2159eb-b2\"] a:hover, .kt-adv-heading-link_2159eb-b2:hover, .kt-adv-heading-link_2159eb-b2:hover .kt-adv-heading_2159eb-b2[data-kb-block=\"kb-adv-heading_2159eb-b2\"]{color:var(--global-palette1, #3182CE);}.wp-block-kadence-advancedheading.kt-adv-heading_2159eb-b2[data-kb-block=\"kb-adv-heading_2159eb-b2\"] a, a.kb-advanced-heading-link.kt-adv-heading-link_2159eb-b2{text-decoration:none;}<\/style>\n<p class=\"kt-adv-heading_2159eb-b2 wp-block-kadence-advancedheading hls-none\" data-kb-block=\"kb-adv-heading_2159eb-b2\"><a href=\"mailto:fchaves@utad.pt\">Francisco Chaves &#8211; fchaves@utad.pt<br\/><\/a><a href=\"mailto:martacoelho@utad.pt\">Marta Coelho &#8211; martacoelho@utad.pt<\/a><br\/><a class=\"ek-link\" href=\"mailto:soniafdz@utad.pt\">S\u00f3nia Abreu &#8211; soniafdz@utad.pt<\/a><\/p>\n<\/div><\/div>\n<\/div><\/div><\/div>\n<style>#kt-layout-id_3141fa-a5{margin-top:0px;margin-bottom:0px;}#kt-layout-id_3141fa-a5 > .kt-row-column-wrap{align-content:start;}:where(#kt-layout-id_3141fa-a5 > .kt-row-column-wrap) > .wp-block-kadence-column{justify-content:start;}#kt-layout-id_3141fa-a5 > .kt-row-column-wrap{column-gap:var(--global-kb-gap-md, 2rem);row-gap:var(--global-kb-gap-md, 2rem);max-width:100%;margin-left:auto;margin-right:auto;padding-top:var( --global-kb-row-default-top, 25px );padding-bottom:var( --global-kb-row-default-bottom, 25px );padding-top:0em;padding-bottom:0em;padding-left:0em;padding-right:0em;min-height:60vh;grid-template-columns:minmax(0, 1fr);}#kt-layout-id_3141fa-a5 > .kt-row-layout-overlay{opacity:0.30;}@media all and (max-width: 1024px){#kt-layout-id_3141fa-a5{margin-top:0px;margin-bottom:0px;}}@media all and (max-width: 1024px){#kt-layout-id_3141fa-a5 > .kt-row-column-wrap{padding-top:0em;padding-right:0em;padding-bottom:0em;padding-left:0em;grid-template-columns:minmax(0, 1fr);}}@media all and (max-width: 767px){#kt-layout-id_3141fa-a5{margin-top:0px;margin-bottom:0px;}#kt-layout-id_3141fa-a5 > .kt-row-column-wrap{padding-top:0em;padding-bottom:0em;padding-left:0em;padding-right:0em;grid-template-columns:minmax(0, 1fr);}}<\/style>\n<div class=\"wp-block-kadence-rowlayout alignnone\" id=\"myGoogleMaps\"><div id=\"kt-layout-id_3141fa-a5\" class=\"kt-row-layout-inner kt-layout-id_3141fa-a5\"><div class=\"kt-row-column-wrap kt-has-1-columns kt-gutter-default kt-v-gutter-default kt-row-valign-top kt-row-layout-equal kt-tab-layout-inherit kt-m-colapse-left-to-right kt-mobile-layout-row kt-inner-column-height-full\"><style>.wp-block-kadence-column.kadence-column_ed4114-dc > .kt-inside-inner-col{margin-top:0px;margin-bottom:0px;margin-right:0px;margin-left:0px;}.kadence-column_ed4114-dc > .kt-inside-inner-col{padding-top:0px;padding-bottom:0px;padding-left:0px;padding-right:0px;}.kadence-column_ed4114-dc > .kt-inside-inner-col{border-top-width:0px;border-right-width:0px;border-bottom-width:0px;border-left-width:0px;}.kadence-column_ed4114-dc > .kt-inside-inner-col,.kadence-column_ed4114-dc > .kt-inside-inner-col:before{border-top-left-radius:0px;border-top-right-radius:0px;border-bottom-right-radius:0px;border-bottom-left-radius:0px;}.kadence-column_ed4114-dc > .kt-inside-inner-col:before{opacity:0.3;}.kadence-column_ed4114-dc{position:relative;}@media all and (max-width: 1024px){.wp-block-kadence-column.kadence-column_ed4114-dc > .kt-inside-inner-col{margin-top:0px;margin-bottom:0px;margin-right:0px;margin-left:0px;}}@media all and (max-width: 1024px){.kadence-column_ed4114-dc > .kt-inside-inner-col{padding-top:0px;padding-bottom:0px;padding-left:0px;padding-right:0px;}}@media all and (max-width: 767px){.wp-block-kadence-column.kadence-column_ed4114-dc > .kt-inside-inner-col{margin-top:0px;margin-bottom:0px;margin-right:0px;margin-left:0px;}.kadence-column_ed4114-dc > .kt-inside-inner-col{padding-top:0px;padding-bottom:0px;padding-left:0px;padding-right:0px;}}<\/style>\n<div class=\"wp-block-kadence-column inner-column-1 kadence-column_ed4114-dc\"><div class=\"kt-inside-inner-col\">\n<iframe width=\"100%\" height=\"100%\" frameborder=\"0\" scrolling=\"no\" marginheight=\"0\" marginwidth=\"0\" src=\"https:\/\/www.google.com\/maps\/embed?pb=!1m14!1m8!1m3!1d4239.867717462963!2d-7.738916386890367!3d41.286251002270085!3m2!1i1024!2i768!4f13.1!3m3!1m2!1s0x0000000000000000%3A0x04ad99a4df30ab35!2sUniversidade+de+Tr%C3%A1s-os-Montes+e+Alto+Douro!5e0!3m2!1spt-PT!2spt!4v1449424734654\"><\/iframe>\n<\/div><\/div>\n<\/div><\/div><\/div>\n","protected":false},"excerpt":{"rendered":"<p>Contacte-nos! Adorar\u00edamos ouvir a sua opini\u00e3o ou responder a quaisquer perguntas que possa ter. Contactos CETRAD Centro de Estudos Transdisciplinares para o Desenvolvimento (CETRAD)Universidade de Tr\u00e1s-os-Montes e Alto Douro (UTAD)P\u00f3lo II do ECHS, Quinta de Prados5000-801 Vila Real, Portugal Telefone: +351 259 350 574 Email: cetrad@utad.pt Contactos da Dire\u00e7\u00e3o Directores: Director: L\u00edvia Madureira &#8211; lmadurei@utad.ptDirector&#8230;<\/p>\n","protected":false},"author":1,"featured_media":0,"parent":0,"menu_order":0,"comment_status":"closed","ping_status":"closed","template":"","meta":{"_kad_blocks_custom_css":"","_kad_blocks_head_custom_js":"","_kad_blocks_body_custom_js":"","_kad_blocks_footer_custom_js":"","_kad_post_transparent":"","_kad_post_title":"hide","_kad_post_layout":"","_kad_post_sidebar_id":"","_kad_post_content_style":"","_kad_post_vertical_padding":"","_kad_post_feature":"","_kad_post_feature_position":"","_kad_post_header":false,"_kad_post_footer":false,"footnotes":""},"acf":[],"taxonomy_info":[],"featured_image_src_large":false,"author_info":{"display_name":"admin","author_link":"https:\/\/cetradutad.ieempresas.com\/pt-pt\/author\/iesolutions\/"},"comment_info":0,"_links":{"self":[{"href":"https:\/\/cetradutad.ieempresas.com\/pt-pt\/wp-json\/wp\/v2\/pages\/2206"}],"collection":[{"href":"https:\/\/cetradutad.ieempresas.com\/pt-pt\/wp-json\/wp\/v2\/pages"}],"about":[{"href":"https:\/\/cetradutad.ieempresas.com\/pt-pt\/wp-json\/wp\/v2\/types\/page"}],"author":[{"embeddable":true,"href":"https:\/\/cetradutad.ieempresas.com\/pt-pt\/wp-json\/wp\/v2\/users\/1"}],"replies":[{"embeddable":true,"href":"https:\/\/cetradutad.ieempresas.com\/pt-pt\/wp-json\/wp\/v2\/comments?post=2206"}],"version-history":[{"count":0,"href":"https:\/\/cetradutad.ieempresas.com\/pt-pt\/wp-json\/wp\/v2\/pages\/2206\/revisions"}],"wp:attachment":[{"href":"https:\/\/cetradutad.ieempresas.com\/pt-pt\/wp-json\/wp\/v2\/media?parent=2206"}],"curies":[{"name":"wp","href":"https:\/\/api.w.org\/{rel}","templated":true}]}}